{"id":3,"date":"2023-02-16T13:44:01","date_gmt":"2023-02-16T12:44:01","guid":{"rendered":"http:\/\/viucostudents.com\/?page_id=3"},"modified":"2025-08-25T14:48:19","modified_gmt":"2025-08-25T12:48:19","slug":"politica-de-privacidad","status":"publish","type":"page","link":"https:\/\/www.viucostudents.com\/ca\/politica-de-privacidad\/","title":{"rendered":"Pol\u00edtica de privacidad"},"content":{"rendered":"<div data-elementor-type=\"wp-page\" data-elementor-id=\"3\" class=\"elementor elementor-3\" data-elementor-post-type=\"page\">\n\t\t\t\t\t\t<section class=\"elementor-section elementor-top-section elementor-element elementor-element-a8f5ec5 elementor-section-boxed elementor-section-height-default elementor-section-height-default\" data-id=\"a8f5ec5\" data-element_type=\"section\" data-e-type=\"section\">\n\t\t\t\t\t\t<div class=\"elementor-container elementor-column-gap-default\">\n\t\t\t\t\t<div class=\"elementor-column elementor-col-100 elementor-top-column elementor-element elementor-element-9d86c38\" data-id=\"9d86c38\" data-element_type=\"column\" data-e-type=\"column\">\n\t\t\t<div class=\"elementor-widget-wrap elementor-element-populated\">\n\t\t\t\t\t\t<div class=\"elementor-element elementor-element-3dd7841 elementor-widget elementor-widget-heading\" data-id=\"3dd7841\" data-element_type=\"widget\" data-e-type=\"widget\" data-widget_type=\"heading.default\">\n\t\t\t\t<div class=\"elementor-widget-container\">\n\t\t\t\t\t<h2 class=\"elementor-heading-title elementor-size-default\">POL\u00cdTICA DE PRIVACIDAD<\/h2>\t\t\t\t<\/div>\n\t\t\t\t<\/div>\n\t\t\t\t<div class=\"elementor-element elementor-element-896cc25 elementor-widget elementor-widget-heading\" data-id=\"896cc25\" data-element_type=\"widget\" data-e-type=\"widget\" data-widget_type=\"heading.default\">\n\t\t\t\t<div class=\"elementor-widget-container\">\n\t\t\t\t\t<h4 class=\"elementor-heading-title elementor-size-default\">Informacion sobre Protecci\u00f3n de Datos<\/h4>\t\t\t\t<\/div>\n\t\t\t\t<\/div>\n\t\t\t\t<div class=\"elementor-element elementor-element-c42caac elementor-widget elementor-widget-text-editor\" data-id=\"c42caac\" data-element_type=\"widget\" data-e-type=\"widget\" data-widget_type=\"text-editor.default\">\n\t\t\t\t<div class=\"elementor-widget-container\">\n\t\t\t\t\t\t\t\t\t<p><strong>1.Datos relativos al Responsable<\/strong><\/p>\n<p>Responsable Tratamiento<\/p>\n<p>&#8211; Entidad: VIUCO ASSESSORS IMMOBILARIS SLU<\/p>\n<p>&#8211; CIF de la entidad: B21932082<\/p>\n<p><span style=\"color: var( --e-global-color-text ); font-family: var( --e-global-typography-text-font-family ), Sans-serif; font-weight: var( --e-global-typography-text-font-weight ); font-size: 1rem;\">&#8211; Direcci\u00f3n de la entidad: PLA\u00c7A JOSEP PLA 4, 1R 1A<\/span><\/p>\n<p>&#8211; Email de la entidad: hola@viucostudents.com<\/p>\n<p>&#8211; Responsable del tratamiento : LABORAL GROUP<\/p>\n<p>&#8211; Tel\u00e9fono del Responsable del tratamiento : 683 456 530<\/p>\n<p>&#8211; Direcci\u00f3n email del Responsable del tratamiento : hola@viucostudents.com<\/p>\n<p>&#8211; DPD: Laboral RGPD, S.L.U.(B25857798)<\/p>\n<p>&#8211; Tel\u00e9fono del DPD: 678700800<\/p>\n<p>&#8211; Direcci\u00f3n email del DPD: <a href=\"mailto:INFO@LABORALRGPD.COM\">INFO@LABORALRGPD.COM<\/a><\/p>\n<p><strong>2.Finalidades<\/strong><\/p>\n<p>En cumplimiento de lo dispuesto en el Reglamento Europeo 2016\/679 General de Protecci\u00f3n de Datos y la Ley Org\u00e1nica 3\/2018 de Protecci\u00f3n de Datos Personales y Garant\u00eda de Derechos Digitales, le informamos de que, dependiendo de la relaci\u00f3n que tenga con nosotros, en&nbsp;VIUCO ASSESSORS IMMOBIALRIS tratamos los datos que nos facilita para alguna, o todas, las siguientes finalidades:<\/p>\n<ul>\n<li>Compra\/venta de material<\/li>\n<li>Creaci\u00f3n de perfil en p\u00e1gina web<\/li>\n<li>Env\u00edo de informaci\u00f3n comercial de la entidad mediante correo postal, correo electr\u00f3nico u otros<\/li>\n<li>Env\u00edos de informaci\u00f3n rec\u00edproca mediante la plataforma whatsapp, sin que el Responsable pueda asegurar que dicha plataforma tome medidas de seguridad y realicen tratamientos adecuados al RGPD y la LOPDGDD<\/li>\n<li>Gesti\u00f3n contable, administrativa, de facturaci\u00f3n y gesti\u00f3n de cobros.<\/li>\n<li>Gesti\u00f3n contable, administrativa, de facturaci\u00f3n, de cobros y pagos<\/li>\n<li>Prestarles un servicio<\/li>\n<li>Realizaci\u00f3n de cobro mediante TPV<\/li>\n<li>Realizar pedidos<\/li>\n<li>Recepci\u00f3n de la prestaci\u00f3n de un servicio<\/li>\n<li>Registro evolutivo de los trabajos realizados<\/li>\n<li>Registro y alojamiento en hotel<\/li>\n<li>Reservas<\/li>\n<li style=\"list-style-type: none;\">\n<ul>\n<li style=\"list-style-type: none;\">&nbsp;<\/li>\n<\/ul>\n<\/li>\n<\/ul>\n<p><strong>3.Plazo de conservaci\u00f3n de los datos<\/strong><\/p>\n<p>Sus datos ser\u00e1n conservados por un plazo de . En el caso que requiera su eliminaci\u00f3n de forma anticipada, solic\u00edtelo mediante el ejercicio del derecho de supresi\u00f3n. As\u00ed mismo, los datos que por motivos legales deban ser almacenados durante un tiempo necesario para cumplir normas espec\u00edficas, ser\u00e1n bloqueados y \u00fanicamente estar\u00e1n a disposici\u00f3n de la autoridad p\u00fablica correspondiente.<\/p>\n<p><strong>4.Legitimaci\u00f3n<\/strong><\/p>\n<p>La base legal para el tratamiento de tus datos radica por:<\/p>\n<ul>\n<li>Consentimiento inequ\u00edvoco<\/li>\n<li>Consentimiento inequ\u00edvoco<\/li>\n<li>Ejecuci\u00f3n de un contrato<\/li>\n<li>Consentimiento inequ\u00edvoco<\/li>\n<li style=\"list-style-type: none;\">\n<ul>\n<li style=\"list-style-type: none;\">&nbsp;<\/li>\n<\/ul>\n<\/li>\n<\/ul>\n<p><strong>5.Destinatarios<\/strong><\/p>\n<p>Sus datos personales ser\u00e1n comunicados a terceros en los siguientes supuestos:<\/p>\n<ul>\n<li>Administraci\u00f3n tributaria<\/li>\n<li>Bancos y entidades financieras<\/li>\n<li>Entidades de Consultor\u00eda\/Auditor\u00eda<\/li>\n<li>Entidades inform\u00e1ticas de mantenimiento de software y hardware<\/li>\n<li>Gestor\u00eda\/Asesor\u00eda<\/li>\n<li>Mantenimiento de sistemas y almacenamiento de datos<\/li>\n<li>Seguridad social<\/li>\n<li style=\"list-style-type: none;\">\n<ul>\n<li style=\"list-style-type: none;\">&nbsp;<\/li>\n<\/ul>\n<\/li>\n<\/ul>\n<p><strong>6.Derechos<\/strong><\/p>\n<p>Tiene derecho a obtener confirmaci\u00f3n sobre si en VIUCO ASSESSORS IMMOBILARIS SL&nbsp;estamos tratando datos personales que le conciernan, o no.<\/p>\n<p>Asimismo, tiene derecho de acceso a sus datos personales, as\u00ed como a solicitar la&nbsp;<em>rectificaci\u00f3n<\/em>&nbsp;de los datos inexactos o, en su caso, solicitar su&nbsp;<em>supresi\u00f3n<\/em>&nbsp;cuando, entre otros motivos, los datos ya no sean necesarios para los fines que fueron recogidos.<\/p>\n<p>En determinadas circunstancias, podr\u00e1 solicitar la&nbsp;<em>limitaci\u00f3n del tratamiento<\/em>&nbsp;de sus datos, en cuyo caso \u00fanicamente los conservaremos para el ejercicio o la defensa de reclamaciones.<\/p>\n<p>Adicionalmente, en determinadas circunstancias y por motivos relacionados con tu situaci\u00f3n particular, podr\u00e1 ejercer el derecho de&nbsp;<em>oposici\u00f3n<\/em>&nbsp;al tratamiento de sus datos.&nbsp;VIUCO ASSESSORS IMMOBILARIS dejar\u00e1 de tratar los datos, salvo por motivos leg\u00edtimos imperiosos, o el ejercicio o la defensa de posibles reclamaciones.<\/p>\n<p>Asimismo, puede ejercer el derecho a la&nbsp;<em>portabilidad<\/em>&nbsp;de los datos, as\u00ed como retirar los consentimientos facilitados en cualquier momento, sin que ello afecte a la licitud del tratamiento basado en el consentimiento previo a su retirada.<\/p>\n<p>Si desea hacer uso de cualquiera de tus derechos puede realizarlos a trav\u00e9s de los enlaces habilitados que encontrar\u00e1 a continuaci\u00f3n:<\/p>\n<ul>\n<li>Para ejercer su derecho de&nbsp;Acceso&nbsp;haga clic&nbsp;<span style=\"color: #0000ff;\"><a style=\"color: #0000ff;\" href=\"https:\/\/intranet.laboralrgpd.com\/webApp\/clientes_derechos\/derechos-formulario.php?id_cliente=TGpBR0xKM3ZJTmhUL0ErSWZWUDg0QT09\" target=\"_blank\" rel=\"noopener\">aqu\u00ed<\/a><\/span><\/li>\n<li>Para ejercer su derecho de&nbsp;Rectificaci\u00f3n&nbsp;haga clic&nbsp;<span style=\"color: #0000ff;\"><a style=\"color: #0000ff;\" href=\"https:\/\/intranet.laboralrgpd.com\/webApp\/clientes_derechos\/derechos-formulario.php?id_cliente=TGpBR0xKM3ZJTmhUL0ErSWZWUDg0QT09\" target=\"_blank\" rel=\"noopener\">aqu\u00ed<\/a><\/span><\/li>\n<li>Para ejercer su derecho de&nbsp;Supresi\u00f3n (Olvido)&nbsp;haga clic&nbsp;<span style=\"color: #0000ff;\"><a style=\"color: #0000ff;\" href=\"https:\/\/intranet.laboralrgpd.com\/webApp\/clientes_derechos\/derechos-formulario.php?id_cliente=TGpBR0xKM3ZJTmhUL0ErSWZWUDg0QT09\" target=\"_blank\" rel=\"noopener\">aqu\u00ed<\/a><\/span><\/li>\n<li>Para ejercer su derecho de&nbsp;Limitaci\u00f3n del Tratamiento&nbsp;haga clic&nbsp;<span style=\"color: #0000ff;\"><a style=\"color: #0000ff;\" href=\"https:\/\/intranet.laboralrgpd.com\/webApp\/clientes_derechos\/derechos-formulario.php?id_cliente=TGpBR0xKM3ZJTmhUL0ErSWZWUDg0QT09\" target=\"_blank\" rel=\"noopener\">aqu\u00ed<\/a><\/span><\/li>\n<li>Para ejercer su derecho de&nbsp;Oposici\u00f3n&nbsp;haga clic&nbsp;<span style=\"color: #0000ff;\"><a style=\"color: #0000ff;\" href=\"https:\/\/intranet.laboralrgpd.com\/webApp\/clientes_derechos\/derechos-formulario.php?id_cliente=TGpBR0xKM3ZJTmhUL0ErSWZWUDg0QT09\" target=\"_blank\" rel=\"noopener\">aqu\u00ed<\/a><\/span><\/li>\n<li>Para ejercer su derecho de&nbsp;Portabilidad&nbsp;haga clic&nbsp;<span style=\"color: #0000ff;\"><a style=\"color: #0000ff;\" href=\"https:\/\/intranet.laboralrgpd.com\/webApp\/clientes_derechos\/derechos-formulario.php?id_cliente=TGpBR0xKM3ZJTmhUL0ErSWZWUDg0QT09\" target=\"_blank\" rel=\"noopener\">aqu\u00ed<\/a><\/span><\/li>\n<li style=\"list-style-type: none;\">\n<ul>\n<li style=\"list-style-type: none;\">&nbsp;<\/li>\n<\/ul>\n<\/li>\n<\/ul>\n<p>Alternativamente, tambi\u00e9n puede dirigirse a nosotros mediante correo postal a la siguiente direcci\u00f3n: PLA\u00c7A JOSEP PLA 4, 1R 1A&nbsp;adjuntado una fotocopia del DNI, para la certeza de su identidad. Recuerde facilitar la mayor informaci\u00f3n posible sobre su solicitud: Nombre y apellidos, direcci\u00f3n de correo electr\u00f3nico que utiliza para la cuenta o portal objeto de tu solicitud.<\/p>\n<p>Por \u00faltimo, le informamos que puede dirigirse ante la Agencia Espa\u00f1ola de Protecci\u00f3n de Datos y dem\u00e1s organismos p\u00fablicos competentes para cualquier reclamaci\u00f3n derivada del tratamiento de tus datos personales.<\/p>\n<p><strong>7.Pol\u00edtica de cookies<\/strong><\/p>\n<p>Para conocer las cookies que utilizamos en nuestra p\u00e1gina, recuerde que puede acceder a nuestra Pol\u00edtica de Cookies a trav\u00e9s del siguiente enlace&nbsp;<span style=\"color: #0000ff;\"><a style=\"color: #0000ff;\" href=\"https:\/\/www.viucostudents.com\/ca\/politica-de-cookies\/\" target=\"_blank\" rel=\"noopener\">pol\u00edtica de cookies<\/a>.<\/span><\/p>\t\t\t\t\t\t\t\t<\/div>\n\t\t\t\t<\/div>\n\t\t\t\t\t<\/div>\n\t\t<\/div>\n\t\t\t\t\t<\/div>\n\t\t<\/section>\n\t\t\t\t<\/div>","protected":false},"excerpt":{"rendered":"<p>POL\u00cdTICA DE PRIVACIDAD Informacion sobre Protecci\u00f3n de Datos 1.Datos relativos al Responsable Responsable Tratamiento &#8211; Entidad: VIUCO ASSESSORS IMMOBILARIS SLU &#8211; CIF de la entidad: B21932082 &#8211; Direcci\u00f3n de la entidad: PLA\u00c7A JOSEP PLA 4, 1R 1A &#8211; Email de la entidad: hola@viucostudents.com &#8211; Responsable del tratamiento : LABORAL GROUP &#8211; Tel\u00e9fono del Responsable del [&hellip;]<\/p>\n","protected":false},"author":1,"featured_media":0,"parent":0,"menu_order":0,"comment_status":"closed","ping_status":"closed","template":"","meta":{"_acf_changed":false,"footnotes":""},"class_list":["post-3","page","type-page","status-publish","hentry"],"acf":[],"_links":{"self":[{"href":"https:\/\/www.viucostudents.com\/ca\/wp-json\/wp\/v2\/pages\/3","targetHints":{"allow":["GET"]}}],"collection":[{"href":"https:\/\/www.viucostudents.com\/ca\/wp-json\/wp\/v2\/pages"}],"about":[{"href":"https:\/\/www.viucostudents.com\/ca\/wp-json\/wp\/v2\/types\/page"}],"author":[{"embeddable":true,"href":"https:\/\/www.viucostudents.com\/ca\/wp-json\/wp\/v2\/users\/1"}],"replies":[{"embeddable":true,"href":"https:\/\/www.viucostudents.com\/ca\/wp-json\/wp\/v2\/comments?post=3"}],"version-history":[{"count":29,"href":"https:\/\/www.viucostudents.com\/ca\/wp-json\/wp\/v2\/pages\/3\/revisions"}],"predecessor-version":[{"id":2418,"href":"https:\/\/www.viucostudents.com\/ca\/wp-json\/wp\/v2\/pages\/3\/revisions\/2418"}],"wp:attachment":[{"href":"https:\/\/www.viucostudents.com\/ca\/wp-json\/wp\/v2\/media?parent=3"}],"curies":[{"name":"wp","href":"https:\/\/api.w.org\/{rel}","templated":true}]}}