{"id":44,"date":"2023-03-22T10:46:56","date_gmt":"2023-03-22T09:46:56","guid":{"rendered":"https:\/\/www.viucostudents.com\/?page_id=44"},"modified":"2026-03-30T17:12:03","modified_gmt":"2026-03-30T15:12:03","slug":"estudiantes","status":"publish","type":"page","link":"https:\/\/www.viucostudents.com\/ca\/estudiantes\/","title":{"rendered":"Estudiants"},"content":{"rendered":"\t\t<div data-elementor-type=\"wp-page\" data-elementor-id=\"44\" class=\"elementor elementor-44\" data-elementor-post-type=\"page\">\n\t\t\t\t<div class=\"elementor-element elementor-element-23d2bcb e-con-full e-flex e-con e-parent\" data-id=\"23d2bcb\" data-element_type=\"container\" data-e-type=\"container\" data-settings=\"{&quot;background_background&quot;:&quot;slideshow&quot;,&quot;background_slideshow_gallery&quot;:[{&quot;id&quot;:530,&quot;url&quot;:&quot;https:\\\/\\\/www.viucostudents.com\\\/wp-content\\\/uploads\\\/2023\\\/04\\\/viuco-girona-studiants.jpg&quot;},{&quot;id&quot;:529,&quot;url&quot;:&quot;https:\\\/\\\/www.viucostudents.com\\\/wp-content\\\/uploads\\\/2023\\\/04\\\/estudiants.jpg&quot;}],&quot;background_slideshow_slide_duration&quot;:3000,&quot;background_slideshow_loop&quot;:&quot;yes&quot;,&quot;background_slideshow_slide_transition&quot;:&quot;fade&quot;,&quot;background_slideshow_transition_duration&quot;:500}\">\n\t\t\t\t<\/div>\n\t\t<div class=\"elementor-element elementor-element-53a9eb6 animated-slow e-flex e-con-boxed elementor-invisible e-con e-parent\" data-id=\"53a9eb6\" data-element_type=\"container\" data-e-type=\"container\" data-settings=\"{&quot;background_background&quot;:&quot;classic&quot;,&quot;animation&quot;:&quot;fadeIn&quot;}\">\n\t\t\t\t\t<div class=\"e-con-inner\">\n\t\t\t\t<div class=\"elementor-element elementor-element-85cf35d elementor-invisible elementor-widget elementor-widget-heading\" data-id=\"85cf35d\" data-element_type=\"widget\" data-e-type=\"widget\" data-settings=\"{&quot;_animation&quot;:&quot;fadeInUp&quot;}\" data-widget_type=\"heading.default\">\n\t\t\t\t<div class=\"elementor-widget-container\">\n\t\t\t\t\t<h1 class=\"elementor-heading-title elementor-size-default\">ESPECIALISTAS EN ALQUILER PARA ESTUDIANTES<\/h1>\t\t\t\t<\/div>\n\t\t\t\t<\/div>\n\t\t\t\t\t<\/div>\n\t\t\t\t<\/div>\n\t\t<div class=\"elementor-element elementor-element-73acfd2 e-flex e-con-boxed elementor-invisible e-con e-parent\" data-id=\"73acfd2\" data-element_type=\"container\" data-e-type=\"container\" data-settings=\"{&quot;animation&quot;:&quot;fadeIn&quot;}\">\n\t\t\t\t\t<div class=\"e-con-inner\">\n\t\t<div class=\"elementor-element elementor-element-7100950 e-con-full e-flex e-con e-child\" data-id=\"7100950\" data-element_type=\"container\" data-e-type=\"container\">\n\t\t\t\t<div class=\"elementor-element elementor-element-a765a34 elementor-widget elementor-widget-heading\" data-id=\"a765a34\" data-element_type=\"widget\" data-e-type=\"widget\" data-widget_type=\"heading.default\">\n\t\t\t\t<div class=\"elementor-widget-container\">\n\t\t\t\t\t<h2 class=\"elementor-heading-title elementor-size-default\">Servicios integrales de alquiler<\/h2>\t\t\t\t<\/div>\n\t\t\t\t<\/div>\n\t\t\t\t<div class=\"elementor-element elementor-element-f052524 elementor-widget elementor-widget-text-editor\" data-id=\"f052524\" data-element_type=\"widget\" data-e-type=\"widget\" data-widget_type=\"text-editor.default\">\n\t\t\t\t<div class=\"elementor-widget-container\">\n\t\t\t\t\t\t\t\t\t<p class=\"\" data-start=\"156\" data-end=\"450\">En <strong data-start=\"200\" data-end=\"218\">Viuco Students<\/strong> llevamos m\u00e1s de 25 a\u00f1os especializados en el alquiler de pisos y habitaciones para estudiantes en Girona. Nuestro objetivo no es solo ofrecerte un alojamiento, sino acompa\u00f1arte durante toda tu estancia para que no te falte de nada.<\/p><p class=\"\" data-start=\"452\" data-end=\"765\">Con nosotros, encontrar\u00e1s mucho m\u00e1s que un lugar donde vivir: tendr\u00e1s un equipo cercano que te apoya para que te sientas como en casa y disfrutes al m\u00e1ximo de tu experiencia universitaria.<br data-start=\"640\" data-end=\"643\" \/>Nos encargamos de todo, para que t\u00fa puedas centrarte en tus estudios y aprovechar todo lo que Girona tiene para ofrecerte.<\/p>\t\t\t\t\t\t\t\t<\/div>\n\t\t\t\t<\/div>\n\t\t\t\t<\/div>\n\t\t<div class=\"elementor-element elementor-element-bfb8fdd e-con-full e-flex e-con e-child\" data-id=\"bfb8fdd\" data-element_type=\"container\" data-e-type=\"container\">\n\t\t<div class=\"elementor-element elementor-element-4a57267 e-con-full e-flex e-con e-child\" data-id=\"4a57267\" data-element_type=\"container\" data-e-type=\"container\">\n\t\t\t\t<\/div>\n\t\t<div class=\"elementor-element elementor-element-d5dd448 e-con-full e-flex e-con e-child\" data-id=\"d5dd448\" data-element_type=\"container\" data-e-type=\"container\">\n\t\t\t\t<\/div>\n\t\t<div class=\"elementor-element elementor-element-eb92331 e-con-full e-flex e-con e-child\" data-id=\"eb92331\" data-element_type=\"container\" data-e-type=\"container\">\n\t\t\t\t<\/div>\n\t\t<div class=\"elementor-element elementor-element-32c65b4 e-con-full e-flex e-con e-child\" data-id=\"32c65b4\" data-element_type=\"container\" data-e-type=\"container\">\n\t\t\t\t<\/div>\n\t\t<div class=\"elementor-element elementor-element-f7d2775 e-con-full e-flex e-con e-child\" data-id=\"f7d2775\" data-element_type=\"container\" data-e-type=\"container\">\n\t\t\t\t<\/div>\n\t\t<div class=\"elementor-element elementor-element-8056216 e-con-full e-flex e-con e-child\" data-id=\"8056216\" data-element_type=\"container\" data-e-type=\"container\">\n\t\t\t\t<\/div>\n\t\t<div class=\"elementor-element elementor-element-95c0c80 e-con-full e-flex e-con e-child\" data-id=\"95c0c80\" data-element_type=\"container\" data-e-type=\"container\">\n\t\t\t\t<\/div>\n\t\t<div class=\"elementor-element elementor-element-b182490 e-con-full e-flex e-con e-child\" data-id=\"b182490\" data-element_type=\"container\" data-e-type=\"container\">\n\t\t\t\t<\/div>\n\t\t\t\t<\/div>\n\t\t\t\t\t<\/div>\n\t\t\t\t<\/div>\n\t\t\t\t<\/div>\n\t\t","protected":false},"excerpt":{"rendered":"<p>ESPECIALISTAS EN ALQUILER PARA ESTUDIANTES Servicios integrales de alquiler En Viuco Students llevamos m\u00e1s de 25 a\u00f1os especializados en el alquiler de pisos y habitaciones para estudiantes en Girona. Nuestro objetivo no es solo ofrecerte un alojamiento, sino acompa\u00f1arte durante toda tu estancia para que no te falte de nada. Con nosotros, encontrar\u00e1s mucho m\u00e1s [&hellip;]<\/p>\n","protected":false},"author":1,"featured_media":0,"parent":0,"menu_order":0,"comment_status":"closed","ping_status":"closed","template":"","meta":{"_acf_changed":false,"footnotes":""},"class_list":["post-44","page","type-page","status-publish","hentry"],"acf":[],"_links":{"self":[{"href":"https:\/\/www.viucostudents.com\/ca\/wp-json\/wp\/v2\/pages\/44","targetHints":{"allow":["GET"]}}],"collection":[{"href":"https:\/\/www.viucostudents.com\/ca\/wp-json\/wp\/v2\/pages"}],"about":[{"href":"https:\/\/www.viucostudents.com\/ca\/wp-json\/wp\/v2\/types\/page"}],"author":[{"embeddable":true,"href":"https:\/\/www.viucostudents.com\/ca\/wp-json\/wp\/v2\/users\/1"}],"replies":[{"embeddable":true,"href":"https:\/\/www.viucostudents.com\/ca\/wp-json\/wp\/v2\/comments?post=44"}],"version-history":[{"count":200,"href":"https:\/\/www.viucostudents.com\/ca\/wp-json\/wp\/v2\/pages\/44\/revisions"}],"predecessor-version":[{"id":2543,"href":"https:\/\/www.viucostudents.com\/ca\/wp-json\/wp\/v2\/pages\/44\/revisions\/2543"}],"wp:attachment":[{"href":"https:\/\/www.viucostudents.com\/ca\/wp-json\/wp\/v2\/media?parent=44"}],"curies":[{"name":"wp","href":"https:\/\/api.w.org\/{rel}","templated":true}]}}